{"id":31,"date":"2010-08-14T17:24:55","date_gmt":"2022-08-01T19:40:28","guid":{"rendered":"http:\/\/n.fundacionpalm.org\/index.php\/publicaciones\/"},"modified":"2022-08-17T09:57:49","modified_gmt":"2022-08-17T13:57:49","slug":"publicaciones","status":"publish","type":"page","link":"https:\/\/fundacionpalm.org\/index.php\/publicaciones\/","title":{"rendered":"Publicaciones"},"content":{"rendered":"\n<div class=\"wp-block-media-text is-stacked-on-mobile\" style=\"grid-template-columns:22% auto\"><figure class=\"wp-block-media-text__media\"><a href=\"\/index.php\/2012\/07\/05\/guia-arquitectonica-santo-domingo\/\"><img loading=\"lazy\" decoding=\"async\" width=\"663\" height=\"1024\" src=\"https:\/\/fundacionpalm.org\/wp-content\/uploads\/2022\/08\/guiaarquitectonicasd1-663x1024.jpg\" alt=\"Guia Arquitectonica\" class=\"wp-image-13 size-full\" srcset=\"https:\/\/fundacionpalm.org\/wp-content\/uploads\/2022\/08\/guiaarquitectonicasd1-663x1024.jpg 663w, https:\/\/fundacionpalm.org\/wp-content\/uploads\/2022\/08\/guiaarquitectonicasd1-194x300.jpg 194w, https:\/\/fundacionpalm.org\/wp-content\/uploads\/2022\/08\/guiaarquitectonicasd1-768x1187.jpg 768w, https:\/\/fundacionpalm.org\/wp-content\/uploads\/2022\/08\/guiaarquitectonicasd1-994x1536.jpg 994w, https:\/\/fundacionpalm.org\/wp-content\/uploads\/2022\/08\/guiaarquitectonicasd1-1325x2048.jpg 1325w, https:\/\/fundacionpalm.org\/wp-content\/uploads\/2022\/08\/guiaarquitectonicasd1-scaled.jpg 1656w\" sizes=\"auto, (max-width: 663px) 100vw, 663px\" \/><\/a><\/figure><div class=\"wp-block-media-text__content\">\n<p><strong>&#8211; Gu\u00eda de Arquitectura de Santo Domingo.<\/strong> Jos\u00e9 Enrique Delmonte So\u00f1\u00e9 (Director). Autores: Emilio Jos\u00e9 Brea, Jos\u00e9 Enrique Delmonte So\u00f1\u00e9, Mauricia Dom\u00ednguez, Linda Mar\u00eda Roca y Risoris Silvestre. Art\u00edculos especiales de Roberto Segre y Ant\u00f3n Capitel. Fotograf\u00edas de Eddy Guzm\u00e1n y Adolfo Despradel.<\/p>\n\n\n\n<p><strong>Consejer\u00eda de Obras P\u00fablicas y Transportes, <\/strong>Direcci\u00f3n General de Arquitectura y Vivienda. &nbsp;Junta de Andaluc\u00eda, Sevilla, 2006. ISBN: 8480954477.<\/p>\n<\/div><\/div>\n\n\n\n<hr class=\"wp-block-separator has-alpha-channel-opacity\"\/>\n\n\n\n<div class=\"wp-block-media-text is-stacked-on-mobile\" style=\"grid-template-columns:22% auto\"><figure class=\"wp-block-media-text__media\"><img loading=\"lazy\" decoding=\"async\" width=\"745\" height=\"1024\" src=\"https:\/\/fundacionpalm.org\/wp-content\/uploads\/2022\/08\/Portada1-745x1024.jpg\" alt=\"\" class=\"wp-image-290 size-full\" srcset=\"https:\/\/fundacionpalm.org\/wp-content\/uploads\/2022\/08\/Portada1-745x1024.jpg 745w, https:\/\/fundacionpalm.org\/wp-content\/uploads\/2022\/08\/Portada1-218x300.jpg 218w, https:\/\/fundacionpalm.org\/wp-content\/uploads\/2022\/08\/Portada1-768x1056.jpg 768w, https:\/\/fundacionpalm.org\/wp-content\/uploads\/2022\/08\/Portada1-1117x1536.jpg 1117w, https:\/\/fundacionpalm.org\/wp-content\/uploads\/2022\/08\/Portada1.jpg 1164w\" sizes=\"auto, (max-width: 745px) 100vw, 745px\" \/><\/figure><div class=\"wp-block-media-text__content\">\n<p>&nbsp;<strong>&#8211; 60 A\u00f1os Edificados. Memorias de la Construcci\u00f3n de la Naci\u00f3n.<\/strong> Jos\u00e9 Enrique Delmonte So\u00f1\u00e9 (Editor). Autores: Emilio Jos\u00e9 Brea, Jos\u00e9 Enrique Delmonte So\u00f1\u00e9, Gamal Michel\u00e9n Stefan y Risoris Silvestre. Edici\u00f3n conmemorativa sesenta aniversario de Industrias Nacionales, C. por A. Santo Domingo, 2008. ISBN: 978-9945-8629-0-4.<\/p>\n<\/div><\/div>\n\n\n\n<hr class=\"wp-block-separator has-alpha-channel-opacity\"\/>\n\n\n\n<div class=\"wp-block-media-text is-stacked-on-mobile\" style=\"grid-template-columns:22% auto\"><figure class=\"wp-block-media-text__media\"><img loading=\"lazy\" decoding=\"async\" width=\"320\" height=\"402\" src=\"https:\/\/fundacionpalm.org\/wp-content\/uploads\/2022\/08\/opac-image3.png\" alt=\"\" class=\"wp-image-294 size-full\" srcset=\"https:\/\/fundacionpalm.org\/wp-content\/uploads\/2022\/08\/opac-image3.png 320w, https:\/\/fundacionpalm.org\/wp-content\/uploads\/2022\/08\/opac-image3-239x300.png 239w\" sizes=\"auto, (max-width: 320px) 100vw, 320px\" \/><\/figure><div class=\"wp-block-media-text__content\">\n<p><strong>Memorias del Tercer Seminario Erwin Walter Palm de Arquitectura y Urbanismo de Am\u00e9rica Latina y el Caribe<\/strong>. Jos\u00e9 Enrique Delmonte So\u00f1\u00e9 (Editor). Santo Domingo, 1998.<\/p>\n<\/div><\/div>\n\n\n\n<hr class=\"wp-block-separator has-alpha-channel-opacity\"\/>\n\n\n\n<div class=\"wp-block-media-text is-stacked-on-mobile\"><figure class=\"wp-block-media-text__media\"><\/figure><div class=\"wp-block-media-text__content\">\n<p><strong>&#8211; Manifiesto Verde de Santo Domingo.<\/strong> Documento extracto de las conclusiones del Primer Seminario de Arquitectura y Medio Ambiente, Santo Domingo, 2009.<\/p>\n<\/div><\/div>\n","protected":false},"excerpt":{"rendered":"<p>&#8211; Gu\u00eda de Arquitectura de Santo Domingo. Jos\u00e9 Enrique Delmonte So\u00f1\u00e9 (Director). Autores: Emilio Jos\u00e9 Brea, Jos\u00e9 Enrique Delmonte So\u00f1\u00e9, Mauricia Dom\u00ednguez, Linda Mar\u00eda Roca y Risoris Silvestre. Art\u00edculos especiales de Roberto Segre y Ant\u00f3n Capitel. Fotograf\u00edas de Eddy Guzm\u00e1n y Adolfo Despradel. Consejer\u00eda de Obras P\u00fablicas y Transportes, Direcci\u00f3n General de Arquitectura y Vivienda. [&hellip;]<\/p>\n","protected":false},"author":1,"featured_media":294,"parent":0,"menu_order":0,"comment_status":"closed","ping_status":"closed","template":"","meta":{"footnotes":""},"class_list":["post-31","page","type-page","status-publish","has-post-thumbnail","hentry"],"_links":{"self":[{"href":"https:\/\/fundacionpalm.org\/index.php\/wp-json\/wp\/v2\/pages\/31","targetHints":{"allow":["GET"]}}],"collection":[{"href":"https:\/\/fundacionpalm.org\/index.php\/wp-json\/wp\/v2\/pages"}],"about":[{"href":"https:\/\/fundacionpalm.org\/index.php\/wp-json\/wp\/v2\/types\/page"}],"author":[{"embeddable":true,"href":"https:\/\/fundacionpalm.org\/index.php\/wp-json\/wp\/v2\/users\/1"}],"replies":[{"embeddable":true,"href":"https:\/\/fundacionpalm.org\/index.php\/wp-json\/wp\/v2\/comments?post=31"}],"version-history":[{"count":5,"href":"https:\/\/fundacionpalm.org\/index.php\/wp-json\/wp\/v2\/pages\/31\/revisions"}],"predecessor-version":[{"id":296,"href":"https:\/\/fundacionpalm.org\/index.php\/wp-json\/wp\/v2\/pages\/31\/revisions\/296"}],"wp:featuredmedia":[{"embeddable":true,"href":"https:\/\/fundacionpalm.org\/index.php\/wp-json\/wp\/v2\/media\/294"}],"wp:attachment":[{"href":"https:\/\/fundacionpalm.org\/index.php\/wp-json\/wp\/v2\/media?parent=31"}],"curies":[{"name":"wp","href":"https:\/\/api.w.org\/{rel}","templated":true}]}}