{"id":28,"date":"2010-08-14T17:24:55","date_gmt":"2009-08-26T19:32:59","guid":{"rendered":"http:\/\/n.fundacionpalm.org\/index.php\/integrantes\/"},"modified":"2022-08-30T22:24:03","modified_gmt":"2022-08-31T02:24:03","slug":"integrantes","status":"publish","type":"page","link":"https:\/\/fundacionpalm.org\/index.php\/integrantes\/","title":{"rendered":"Integrantes"},"content":{"rendered":"<p>La Fundaci\u00f3n Erwin Walter Palm, Inc., est\u00e1 formada por un n\u00famero selecto de Miembros Activos (que conforman la Fundaci\u00f3n en s\u00ed y toman las decisiones de la instituci\u00f3n) y un n\u00famero amplio de Miembros Colaboradores, diseminados en diferentes lugares, quienes se sienten identificados con sus objetivos y son asiduos a las distintas actividades y proyectos desarrollados por la organizaci\u00f3n.<\/p>\n<p>Desde su fundaci\u00f3n, ha contado con un Presidente de Honor, cuya distinci\u00f3n inicial recay\u00f3 sobre la propia Hilde Domin. A la muerte de \u00e9sta, la instituci\u00f3n determin\u00f3 otorgar ese puesto al embajador de turno de la Rep\u00fablica Federal de Alemania en Rep\u00fablica Dominicana.<\/p>\n<p>Los Miembros Activos de la Fundaci\u00f3n son, adem\u00e1s de los siete fundadores: Risoris Silvestre, Eric Michel\u00e9n, Luis J. Polanco, Constantinos Saliaris, Ana Mar\u00eda F\u00e9lix, Juan Mubarak, Richard Benoit, Linda Mar\u00eda Roca, Jorge Marte, C\u00e9sar Payamps, Lisbeth Balaguer, Raulina Capell\u00e1n, Eric Yamil Michel\u00e9n, Gustavo Ubr\u00ed, Atilio Le\u00f3n Garrido, Julia Vicioso, Jos\u00e9 Luis Aybar y C\u00e9sar Al Mart\u00ednez.<\/p>\n<p>Los Miembros de Honor son: Eugenio P\u00e9rez Mont\u00e1s, Rafael Tom\u00e1s Hern\u00e1ndez, Diana La Paix, C\u00e9sar Iv\u00e1n Feris Iglesias, Cuqui Batista y Luis Eduardo Delgado.<\/p>\n<p>La categor\u00eda de Miembros Colaboradores la ostentan las personas que se identifiquen con los objetivos de la Fundaci\u00f3n y participan de sus actividades de manera regular y solicitan su ingreso a la instituci\u00f3n.<\/p>\n","protected":false},"excerpt":{"rendered":"<p>La Fundaci\u00f3n Erwin Walter Palm, Inc., est\u00e1 formada por un n\u00famero selecto de Miembros Activos (que conforman la Fundaci\u00f3n en s\u00ed y toman las decisiones de la instituci\u00f3n) y un n\u00famero amplio de Miembros Colaboradores, diseminados en diferentes lugares, quienes se sienten identificados con sus objetivos y son asiduos a las distintas actividades y proyectos [&hellip;]<\/p>\n","protected":false},"author":1,"featured_media":0,"parent":0,"menu_order":0,"comment_status":"closed","ping_status":"closed","template":"","meta":{"footnotes":""},"class_list":["post-28","page","type-page","status-publish","hentry"],"_links":{"self":[{"href":"https:\/\/fundacionpalm.org\/index.php\/wp-json\/wp\/v2\/pages\/28","targetHints":{"allow":["GET"]}}],"collection":[{"href":"https:\/\/fundacionpalm.org\/index.php\/wp-json\/wp\/v2\/pages"}],"about":[{"href":"https:\/\/fundacionpalm.org\/index.php\/wp-json\/wp\/v2\/types\/page"}],"author":[{"embeddable":true,"href":"https:\/\/fundacionpalm.org\/index.php\/wp-json\/wp\/v2\/users\/1"}],"replies":[{"embeddable":true,"href":"https:\/\/fundacionpalm.org\/index.php\/wp-json\/wp\/v2\/comments?post=28"}],"version-history":[{"count":2,"href":"https:\/\/fundacionpalm.org\/index.php\/wp-json\/wp\/v2\/pages\/28\/revisions"}],"predecessor-version":[{"id":355,"href":"https:\/\/fundacionpalm.org\/index.php\/wp-json\/wp\/v2\/pages\/28\/revisions\/355"}],"wp:attachment":[{"href":"https:\/\/fundacionpalm.org\/index.php\/wp-json\/wp\/v2\/media?parent=28"}],"curies":[{"name":"wp","href":"https:\/\/api.w.org\/{rel}","templated":true}]}}